{"id":150,"date":"2022-09-27T15:38:19","date_gmt":"2022-09-27T13:38:19","guid":{"rendered":"http:\/\/formation.lachouetteagence.fr\/wordpress\/?page_id=150"},"modified":"2022-09-27T15:38:20","modified_gmt":"2022-09-27T13:38:20","slug":"informations-pratiques","status":"publish","type":"page","link":"https:\/\/formation.lachouetteagence.fr\/wordpress\/informations-pratiques\/","title":{"rendered":"Informations pratiques"},"content":{"rendered":"\n<h2 class=\"wp-block-heading\"><strong>Comment se d\u00e9roulent nos courses ? <\/strong><\/h2>\n\n\n\n<p>Quel que soit le lieu, nos courses respectent le m\u00eame d\u00e9roul\u00e9 :&nbsp;<\/p>\n\n\n\n<p>1- Accueil des enfants et remise de la plaque de cadre<\/p>\n\n\n\n<p>2- Rep\u00e9rage de la piste et \u00e9chauffements<\/p>\n\n\n\n<p>3- D\u00e9part progressif de vagues de 5 ou 6 enfants selon leur cat\u00e9gorie d\u2019\u00e2ge&nbsp;<\/p>\n\n\n\n<p>4 &#8211; Les 2 ou 3 premiers (e) de chaque vague se qualifient pour le tour suivant jusqu\u2019\u00e0 la finale<\/p>\n\n\n\n<p>5- Podiums officiels avec les 3 premiers (e) de chaque cat\u00e9gorie<\/p>\n\n\n\n<p>6- Go\u00fbter et photos<\/p>\n\n\n\n<h2 class=\"wp-block-heading\"><strong>Infos g\u00e9n\u00e9rales<\/strong><\/h2>\n\n\n\n<p>Le port du casque est obligatoire (casque non fournis sur place).&nbsp;<\/p>\n\n\n\n<p>Draisiennes accept\u00e9es : 10 \/ 12 ou 14 pouces \u2013 l\u2019organisation met \u00e0 disposition gratuitement quelques draisiennes le jour J.<\/p>\n\n\n\n<p>Afin de garantir des \u00e9preuves s\u00e9curis\u00e9es pour tous et pour respecter nos timings horaires, le nombre de places par \u00e9tape est limit\u00e9 \u00e0 100 enfants. Nous vous recommandons vivement de r\u00e9server au plus t\u00f4t afin d\u2019\u00eatre s\u00fbr que votre (vos) enfant(s) puisse(nt) prendre le d\u00e9part des \u00e9preuves de votre choix.<\/p>\n\n\n\n<p>Nous contacter : <\/p>\n\n\n<div class=\"wpforms-container wpforms-container-full\" id=\"wpforms-152\"><form id=\"wpforms-form-152\" class=\"wpforms-validate wpforms-form wpforms-ajax-form\" data-formid=\"152\" method=\"post\" enctype=\"multipart\/form-data\" action=\"\/wordpress\/wp-json\/wp\/v2\/pages\/150\" data-token=\"656a9c990eb3fe464b03f57c7eebc165\"><noscript class=\"wpforms-error-noscript\">Veuillez activer JavaScript dans votre navigateur pour remplir ce formulaire.<\/noscript><div class=\"wpforms-field-container\"><div id=\"wpforms-152-field_0-container\" class=\"wpforms-field wpforms-field-name\" data-field-id=\"0\"><label class=\"wpforms-field-label\" for=\"wpforms-152-field_0\">Nom <span class=\"wpforms-required-label\">*<\/span><\/label><div class=\"wpforms-field-row wpforms-field-medium\"><div class=\"wpforms-field-row-block wpforms-first wpforms-one-half\"><input type=\"text\" id=\"wpforms-152-field_0\" class=\"wpforms-field-name-first wpforms-field-required\" name=\"wpforms[fields][0][first]\" required><label for=\"wpforms-152-field_0\" class=\"wpforms-field-sublabel after \">Pr\u00e9nom<\/label><\/div><div class=\"wpforms-field-row-block wpforms-one-half\"><input type=\"text\" id=\"wpforms-152-field_0-last\" class=\"wpforms-field-name-last wpforms-field-required\" name=\"wpforms[fields][0][last]\" required><label for=\"wpforms-152-field_0-last\" class=\"wpforms-field-sublabel after \">Nom<\/label><\/div><\/div><\/div><div id=\"wpforms-152-field_1-container\" class=\"wpforms-field wpforms-field-email\" data-field-id=\"1\"><label class=\"wpforms-field-label\" for=\"wpforms-152-field_1\">E-mail <span class=\"wpforms-required-label\">*<\/span><\/label><input type=\"email\" id=\"wpforms-152-field_1\" class=\"wpforms-field-medium wpforms-field-required\" name=\"wpforms[fields][1]\" required><\/div><div id=\"wpforms-152-field_3-container\" class=\"wpforms-field wpforms-field-text\" data-field-id=\"3\"><label class=\"wpforms-field-label\" for=\"wpforms-152-field_3\">T\u00e9l\u00e9phone<\/label><input type=\"text\" id=\"wpforms-152-field_3\" class=\"wpforms-field-medium wpforms-masked-input\" data-rule-inputmask-incomplete=\"1\" data-inputmask-mask=\"99 99 99 99 99\" name=\"wpforms[fields][3]\" ><\/div><div id=\"wpforms-152-field_4-container\" class=\"wpforms-field wpforms-field-select wpforms-field-select-style-classic\" data-field-id=\"4\"><label class=\"wpforms-field-label\" for=\"wpforms-152-field_4\">Votre demande concerne <span class=\"wpforms-required-label\">*<\/span><\/label><select id=\"wpforms-152-field_4\" class=\"wpforms-field-medium wpforms-field-required\" name=\"wpforms[fields][4]\" required=\"required\"><option value=\"J\u2019ai une question sur les inscriptions\" >J\u2019ai une question sur les inscriptions<\/option><option value=\" Je veux organiser une course dans ma ville\" > Je veux organiser une course dans ma ville<\/option><option value=\"Presse \" >Presse <\/option><option value=\"Autre\" >Autre<\/option><\/select><\/div><div id=\"wpforms-152-field_2-container\" class=\"wpforms-field wpforms-field-textarea\" data-field-id=\"2\"><label class=\"wpforms-field-label\" for=\"wpforms-152-field_2\">Votre message <span class=\"wpforms-required-label\">*<\/span><\/label><textarea id=\"wpforms-152-field_2\" class=\"wpforms-field-medium wpforms-field-required\" name=\"wpforms[fields][2]\" required><\/textarea><\/div><\/div><div class=\"wpforms-submit-container\"><input type=\"hidden\" name=\"wpforms[id]\" value=\"152\"><input type=\"hidden\" name=\"wpforms[author]\" value=\"5\"><button type=\"submit\" name=\"wpforms[submit]\" id=\"wpforms-submit-152\" class=\"wpforms-submit\" data-alt-text=\"Envoi...\" data-submit-text=\"Envoyer\" aria-live=\"assertive\" value=\"wpforms-submit\">Envoyer<\/button><img loading=\"lazy\" decoding=\"async\" src=\"https:\/\/formation.lachouetteagence.fr\/wordpress\/wp-content\/plugins\/wpforms-lite\/assets\/images\/submit-spin.svg\" class=\"wpforms-submit-spinner\" style=\"display: none;\" width=\"26\" height=\"26\" alt=\"Chargement en cours\"><\/div><\/form><\/div>  <!-- .wpforms-container -->","protected":false},"excerpt":{"rendered":"<p>Comment se d\u00e9roulent nos courses ? Quel que soit le lieu, nos courses respectent le m\u00eame d\u00e9roul\u00e9 :&nbsp; 1- Accueil des enfants et remise de la plaque de cadre 2- Rep\u00e9rage de la piste et \u00e9chauffements 3- D\u00e9part progressif de vagues de 5 ou 6 enfants selon leur cat\u00e9gorie d\u2019\u00e2ge&nbsp; 4 &#8211; Les 2 ou [&hellip;]<\/p>\n","protected":false},"author":5,"featured_media":0,"parent":0,"menu_order":0,"comment_status":"closed","ping_status":"closed","template":"","meta":{"footnotes":""},"class_list":["post-150","page","type-page","status-publish","hentry"],"yoast_head":"<!-- This site is optimized with the Yoast SEO plugin v19.7.1 - https:\/\/yoast.com\/wordpress\/plugins\/seo\/ -->\n<title>Informations pratiques - Draisienne kits tour<\/title>\n<meta name=\"robots\" content=\"noindex, follow, max-snippet:-1, max-image-preview:large, max-video-preview:-1\" \/>\n<meta property=\"og:locale\" content=\"fr_FR\" \/>\n<meta property=\"og:type\" content=\"article\" \/>\n<meta property=\"og:title\" content=\"Informations pratiques - Draisienne kits tour\" \/>\n<meta property=\"og:description\" content=\"Comment se d\u00e9roulent nos courses ? Quel que soit le lieu, nos courses respectent le m\u00eame d\u00e9roul\u00e9 :&nbsp; 1- Accueil des enfants et remise de la plaque de cadre 2- Rep\u00e9rage de la piste et \u00e9chauffements 3- D\u00e9part progressif de vagues de 5 ou 6 enfants selon leur cat\u00e9gorie d\u2019\u00e2ge&nbsp; 4 &#8211; Les 2 ou [&hellip;]\" \/>\n<meta property=\"og:url\" content=\"http:\/\/formation.lachouetteagence.fr\/wordpress\/informations-pratiques\/\" \/>\n<meta property=\"og:site_name\" content=\"Draisienne kits tour\" \/>\n<meta property=\"article:modified_time\" content=\"2022-09-27T13:38:20+00:00\" \/>\n<meta name=\"twitter:card\" content=\"summary_large_image\" \/>\n<meta name=\"twitter:label1\" content=\"Dur\u00e9e de lecture estim\u00e9e\" \/>\n\t<meta name=\"twitter:data1\" content=\"1 minute\" \/>\n<script type=\"application\/ld+json\" class=\"yoast-schema-graph\">{\"@context\":\"https:\/\/schema.org\",\"@graph\":[{\"@type\":\"WebPage\",\"@id\":\"http:\/\/formation.lachouetteagence.fr\/wordpress\/informations-pratiques\/\",\"url\":\"http:\/\/formation.lachouetteagence.fr\/wordpress\/informations-pratiques\/\",\"name\":\"Informations pratiques - Draisienne kits tour\",\"isPartOf\":{\"@id\":\"https:\/\/formation.lachouetteagence.fr\/wordpress\/#website\"},\"datePublished\":\"2022-09-27T13:38:19+00:00\",\"dateModified\":\"2022-09-27T13:38:20+00:00\",\"breadcrumb\":{\"@id\":\"http:\/\/formation.lachouetteagence.fr\/wordpress\/informations-pratiques\/#breadcrumb\"},\"inLanguage\":\"fr-FR\",\"potentialAction\":[{\"@type\":\"ReadAction\",\"target\":[\"http:\/\/formation.lachouetteagence.fr\/wordpress\/informations-pratiques\/\"]}]},{\"@type\":\"BreadcrumbList\",\"@id\":\"http:\/\/formation.lachouetteagence.fr\/wordpress\/informations-pratiques\/#breadcrumb\",\"itemListElement\":[{\"@type\":\"ListItem\",\"position\":1,\"name\":\"Accueil\",\"item\":\"https:\/\/formation.lachouetteagence.fr\/wordpress\/\"},{\"@type\":\"ListItem\",\"position\":2,\"name\":\"Informations pratiques\"}]},{\"@type\":\"WebSite\",\"@id\":\"https:\/\/formation.lachouetteagence.fr\/wordpress\/#website\",\"url\":\"https:\/\/formation.lachouetteagence.fr\/wordpress\/\",\"name\":\"Draisienne kits tour\",\"description\":\"Le challenge draisiennes pour les 2-5 ans !\",\"publisher\":{\"@id\":\"https:\/\/formation.lachouetteagence.fr\/wordpress\/#organization\"},\"potentialAction\":[{\"@type\":\"SearchAction\",\"target\":{\"@type\":\"EntryPoint\",\"urlTemplate\":\"https:\/\/formation.lachouetteagence.fr\/wordpress\/?s={search_term_string}\"},\"query-input\":\"required name=search_term_string\"}],\"inLanguage\":\"fr-FR\"},{\"@type\":\"Organization\",\"@id\":\"https:\/\/formation.lachouetteagence.fr\/wordpress\/#organization\",\"name\":\"Draisienne kits tour\",\"url\":\"https:\/\/formation.lachouetteagence.fr\/wordpress\/\",\"sameAs\":[],\"logo\":{\"@type\":\"ImageObject\",\"inLanguage\":\"fr-FR\",\"@id\":\"https:\/\/formation.lachouetteagence.fr\/wordpress\/#\/schema\/logo\/image\/\",\"url\":\"https:\/\/formation.lachouetteagence.fr\/wordpress\/wp-content\/uploads\/2022\/09\/cropped-draisienne-kids-tour-logo-2.png\",\"contentUrl\":\"https:\/\/formation.lachouetteagence.fr\/wordpress\/wp-content\/uploads\/2022\/09\/cropped-draisienne-kids-tour-logo-2.png\",\"width\":500,\"height\":375,\"caption\":\"Draisienne kits tour\"},\"image\":{\"@id\":\"https:\/\/formation.lachouetteagence.fr\/wordpress\/#\/schema\/logo\/image\/\"}}]}<\/script>\n<!-- \/ Yoast SEO plugin. -->","yoast_head_json":{"title":"Informations pratiques - Draisienne kits tour","robots":{"index":"noindex","follow":"follow","max-snippet":"max-snippet:-1","max-image-preview":"max-image-preview:large","max-video-preview":"max-video-preview:-1"},"og_locale":"fr_FR","og_type":"article","og_title":"Informations pratiques - Draisienne kits tour","og_description":"Comment se d\u00e9roulent nos courses ? Quel que soit le lieu, nos courses respectent le m\u00eame d\u00e9roul\u00e9 :&nbsp; 1- Accueil des enfants et remise de la plaque de cadre 2- Rep\u00e9rage de la piste et \u00e9chauffements 3- D\u00e9part progressif de vagues de 5 ou 6 enfants selon leur cat\u00e9gorie d\u2019\u00e2ge&nbsp; 4 &#8211; Les 2 ou [&hellip;]","og_url":"http:\/\/formation.lachouetteagence.fr\/wordpress\/informations-pratiques\/","og_site_name":"Draisienne kits tour","article_modified_time":"2022-09-27T13:38:20+00:00","twitter_card":"summary_large_image","twitter_misc":{"Dur\u00e9e de lecture estim\u00e9e":"1 minute"},"schema":{"@context":"https:\/\/schema.org","@graph":[{"@type":"WebPage","@id":"http:\/\/formation.lachouetteagence.fr\/wordpress\/informations-pratiques\/","url":"http:\/\/formation.lachouetteagence.fr\/wordpress\/informations-pratiques\/","name":"Informations pratiques - Draisienne kits tour","isPartOf":{"@id":"https:\/\/formation.lachouetteagence.fr\/wordpress\/#website"},"datePublished":"2022-09-27T13:38:19+00:00","dateModified":"2022-09-27T13:38:20+00:00","breadcrumb":{"@id":"http:\/\/formation.lachouetteagence.fr\/wordpress\/informations-pratiques\/#breadcrumb"},"inLanguage":"fr-FR","potentialAction":[{"@type":"ReadAction","target":["http:\/\/formation.lachouetteagence.fr\/wordpress\/informations-pratiques\/"]}]},{"@type":"BreadcrumbList","@id":"http:\/\/formation.lachouetteagence.fr\/wordpress\/informations-pratiques\/#breadcrumb","itemListElement":[{"@type":"ListItem","position":1,"name":"Accueil","item":"https:\/\/formation.lachouetteagence.fr\/wordpress\/"},{"@type":"ListItem","position":2,"name":"Informations pratiques"}]},{"@type":"WebSite","@id":"https:\/\/formation.lachouetteagence.fr\/wordpress\/#website","url":"https:\/\/formation.lachouetteagence.fr\/wordpress\/","name":"Draisienne kits tour","description":"Le challenge draisiennes pour les 2-5 ans !","publisher":{"@id":"https:\/\/formation.lachouetteagence.fr\/wordpress\/#organization"},"potentialAction":[{"@type":"SearchAction","target":{"@type":"EntryPoint","urlTemplate":"https:\/\/formation.lachouetteagence.fr\/wordpress\/?s={search_term_string}"},"query-input":"required name=search_term_string"}],"inLanguage":"fr-FR"},{"@type":"Organization","@id":"https:\/\/formation.lachouetteagence.fr\/wordpress\/#organization","name":"Draisienne kits tour","url":"https:\/\/formation.lachouetteagence.fr\/wordpress\/","sameAs":[],"logo":{"@type":"ImageObject","inLanguage":"fr-FR","@id":"https:\/\/formation.lachouetteagence.fr\/wordpress\/#\/schema\/logo\/image\/","url":"https:\/\/formation.lachouetteagence.fr\/wordpress\/wp-content\/uploads\/2022\/09\/cropped-draisienne-kids-tour-logo-2.png","contentUrl":"https:\/\/formation.lachouetteagence.fr\/wordpress\/wp-content\/uploads\/2022\/09\/cropped-draisienne-kids-tour-logo-2.png","width":500,"height":375,"caption":"Draisienne kits tour"},"image":{"@id":"https:\/\/formation.lachouetteagence.fr\/wordpress\/#\/schema\/logo\/image\/"}}]}},"_links":{"self":[{"href":"https:\/\/formation.lachouetteagence.fr\/wordpress\/wp-json\/wp\/v2\/pages\/150","targetHints":{"allow":["GET"]}}],"collection":[{"href":"https:\/\/formation.lachouetteagence.fr\/wordpress\/wp-json\/wp\/v2\/pages"}],"about":[{"href":"https:\/\/formation.lachouetteagence.fr\/wordpress\/wp-json\/wp\/v2\/types\/page"}],"author":[{"embeddable":true,"href":"https:\/\/formation.lachouetteagence.fr\/wordpress\/wp-json\/wp\/v2\/users\/5"}],"replies":[{"embeddable":true,"href":"https:\/\/formation.lachouetteagence.fr\/wordpress\/wp-json\/wp\/v2\/comments?post=150"}],"version-history":[{"count":2,"href":"https:\/\/formation.lachouetteagence.fr\/wordpress\/wp-json\/wp\/v2\/pages\/150\/revisions"}],"predecessor-version":[{"id":161,"href":"https:\/\/formation.lachouetteagence.fr\/wordpress\/wp-json\/wp\/v2\/pages\/150\/revisions\/161"}],"wp:attachment":[{"href":"https:\/\/formation.lachouetteagence.fr\/wordpress\/wp-json\/wp\/v2\/media?parent=150"}],"curies":[{"name":"wp","href":"https:\/\/api.w.org\/{rel}","templated":true}]}}