{"id":35,"date":"2022-09-23T13:48:21","date_gmt":"2022-09-23T11:48:21","guid":{"rendered":"http:\/\/formation.lachouetteagence.fr\/wordpress\/?page_id=35"},"modified":"2022-09-23T15:17:01","modified_gmt":"2022-09-23T13:17:01","slug":"accueil","status":"publish","type":"page","link":"https:\/\/formation.lachouetteagence.fr\/wordpress\/","title":{"rendered":"Bienvenue"},"content":{"rendered":"\n<h2 class=\"wp-block-heading\">Pr\u00e9sentation<\/h2>\n\n\n\n<p>Le DKT est un \u00e9v\u00e9nement qui se veut convivial, peu importe le classement ! Les qualifications pour les diff\u00e9rents tours ne sont l\u00e0 que pour rajouter un petit peu de piment aux diff\u00e9rentes manches. Le plus important \u00e9tant que tous les enfants puissent passer un bon moment et pratiquer une activit\u00e9 sportive qui pourrait bien leur donner envie de faire du VTT plus tard !<\/p>\n\n\n\n<p>Le tarif d\u2019inscription est de 10\u20ac par \u00e9tape. Ce tarif inclus pour tous les enfants, les plaques num\u00e9rot\u00e9es \u00e0 fixer aux guidons de draisiennes (cela leur fera un petit souvenir !), une m\u00e9daille \u00e0 l\u2019arriv\u00e9e, le go\u00fbter \u00e0 la fin de chaque \u00e9tape et des potentiels cadeaux.<\/p>\n\n\n\n<p>\u26a0 Le nombre de places par \u00e9tape est limit\u00e9 \u00e0 100 enfants.<\/p>\n\n\n\n<figure class=\"wp-block-embed is-type-video is-provider-youtube wp-block-embed-youtube wp-embed-aspect-16-9 wp-has-aspect-ratio\"><div class=\"wp-block-embed__wrapper\">\n<iframe loading=\"lazy\" title=\"Teaser Draisiennes Kids Tour 2022\" width=\"580\" height=\"326\" src=\"https:\/\/www.youtube.com\/embed\/jT_aIQUQS9k?feature=oembed\" frameborder=\"0\" allow=\"accelerometer; autoplay; clipboard-write; encrypted-media; gyroscope; picture-in-picture; web-share\" referrerpolicy=\"strict-origin-when-cross-origin\" allowfullscreen><\/iframe>\n<\/div><\/figure>\n\n\n\n<div class=\"wp-block-columns alignwide is-layout-flex wp-container-core-columns-is-layout-9d6595d7 wp-block-columns-is-layout-flex\">\n<div class=\"wp-block-column is-layout-flow wp-block-column-is-layout-flow\">\n<figure class=\"wp-block-image alignfull size-full is-style-default\"><img loading=\"lazy\" decoding=\"async\" width=\"500\" height=\"500\" src=\"http:\/\/formation.lachouetteagence.fr\/wordpress\/wp-content\/uploads\/2022\/09\/Sans-titre-18.png\" alt=\"\" class=\"wp-image-42\" srcset=\"https:\/\/formation.lachouetteagence.fr\/wordpress\/wp-content\/uploads\/2022\/09\/Sans-titre-18.png 500w, https:\/\/formation.lachouetteagence.fr\/wordpress\/wp-content\/uploads\/2022\/09\/Sans-titre-18-300x300.png 300w, https:\/\/formation.lachouetteagence.fr\/wordpress\/wp-content\/uploads\/2022\/09\/Sans-titre-18-150x150.png 150w\" sizes=\"auto, (max-width: 500px) 100vw, 500px\" \/><\/figure>\n\n\n\n<h3 class=\"wp-block-heading\">A chacun sa course <\/h3>\n\n\n\n<div class=\"wp-block-group is-vertical is-layout-flex wp-container-core-group-is-layout-8cf370e7 wp-block-group-is-layout-flex\">\n<p>Deux cat\u00e9gories d\u2019\u00e2ges prendront le d\u00e9part<\/p>\n\n\n\n<p>\u2022 Les 2-3 ans (ann\u00e9e de naissance 2019-2020)<\/p>\n\n\n\n<p>\u2022 Les 4-5 ans<\/p>\n<\/div>\n<\/div>\n\n\n\n<div class=\"wp-block-column is-layout-flow wp-block-column-is-layout-flow\">\n<figure class=\"wp-block-image alignfull size-full\"><img loading=\"lazy\" decoding=\"async\" width=\"500\" height=\"500\" src=\"http:\/\/formation.lachouetteagence.fr\/wordpress\/wp-content\/uploads\/2022\/09\/Sans-titre-19.png\" alt=\"\" class=\"wp-image-43\" srcset=\"https:\/\/formation.lachouetteagence.fr\/wordpress\/wp-content\/uploads\/2022\/09\/Sans-titre-19.png 500w, https:\/\/formation.lachouetteagence.fr\/wordpress\/wp-content\/uploads\/2022\/09\/Sans-titre-19-300x300.png 300w, https:\/\/formation.lachouetteagence.fr\/wordpress\/wp-content\/uploads\/2022\/09\/Sans-titre-19-150x150.png 150w\" sizes=\"auto, (max-width: 500px) 100vw, 500px\" \/><\/figure>\n\n\n\n<h3 class=\"wp-block-heading\">Souvenirs garantis<\/h3>\n\n\n\n<p>Plaque guidon num\u00e9rot\u00e9e, cadeau souvenir et go\u00fbter \u00e0 l\u2019arriv\u00e9e pour tous<\/p>\n<\/div>\n\n\n\n<div class=\"wp-block-column is-layout-flow wp-block-column-is-layout-flow\">\n<figure class=\"wp-block-image alignfull size-full\"><img loading=\"lazy\" decoding=\"async\" width=\"500\" height=\"500\" src=\"http:\/\/formation.lachouetteagence.fr\/wordpress\/wp-content\/uploads\/2022\/09\/Sans-titre-20.png\" alt=\"\" class=\"wp-image-44\" srcset=\"https:\/\/formation.lachouetteagence.fr\/wordpress\/wp-content\/uploads\/2022\/09\/Sans-titre-20.png 500w, https:\/\/formation.lachouetteagence.fr\/wordpress\/wp-content\/uploads\/2022\/09\/Sans-titre-20-300x300.png 300w, https:\/\/formation.lachouetteagence.fr\/wordpress\/wp-content\/uploads\/2022\/09\/Sans-titre-20-150x150.png 150w\" sizes=\"auto, (max-width: 500px) 100vw, 500px\" \/><\/figure>\n\n\n\n<h3 class=\"wp-block-heading\">Pas de draisienne, pas de probl\u00e8me !<\/h3>\n\n\n\n<p>Mise \u00e0 disposition gratuitement de quelques draisiennes le jour J pour les enfants n\u2019ayant pas le mat\u00e9riel.<\/p>\n<\/div>\n<\/div>\n\n\n\n<div class=\"wp-block-group\"><div class=\"wp-block-group__inner-container is-layout-flow wp-block-group-is-layout-flow\">\n<h2 class=\"wp-block-heading\">Derni\u00e8res actualit\u00e9s<\/h2>\n\n\n<ul class=\"wp-block-latest-posts__list is-style-twentytwentyone-latest-posts-borders wp-block-latest-posts\"><li><div class=\"wp-block-latest-posts__featured-image\"><img loading=\"lazy\" decoding=\"async\" width=\"150\" height=\"122\" src=\"https:\/\/formation.lachouetteagence.fr\/wordpress\/wp-content\/uploads\/2022\/09\/course-velos-sans-pedales-marseille-628x340-1-e1664282412571-150x122.png\" class=\"attachment-thumbnail size-thumbnail wp-post-image\" alt=\"\" style=\"\" \/><\/div><a class=\"wp-block-latest-posts__post-title\" href=\"https:\/\/formation.lachouetteagence.fr\/wordpress\/une-centaine-denfants-au-depart-de-la-course-de-draisienne-le-22-octobre\/\">Une centaine d\u2019enfants au d\u00e9part de la course de draisienne le 22 octobre<\/a><div class=\"wp-block-latest-posts__post-excerpt\">Il va y avoir du sport, place des halles, \u00e0 Nantes, samedi 22 octobre : une bonne centaine de petits\u2026 <a class=\"wp-block-latest-posts__read-more\" href=\"https:\/\/formation.lachouetteagence.fr\/wordpress\/une-centaine-denfants-au-depart-de-la-course-de-draisienne-le-22-octobre\/\" rel=\"noopener noreferrer\">Lire la suite<span class=\"screen-reader-text\">\u00a0: Une centaine d\u2019enfants au d\u00e9part de la course de draisienne le 22 octobre<\/span><\/a><\/div><\/li>\n<li><div class=\"wp-block-latest-posts__featured-image\"><img loading=\"lazy\" decoding=\"async\" width=\"150\" height=\"150\" src=\"https:\/\/formation.lachouetteagence.fr\/wordpress\/wp-content\/uploads\/2022\/09\/DATA_ART_7919167-MQ3m7pUO-e1664282118894-150x150.webp\" class=\"attachment-thumbnail size-thumbnail wp-post-image\" alt=\"\" style=\"\" \/><\/div><a class=\"wp-block-latest-posts__post-title\" href=\"https:\/\/formation.lachouetteagence.fr\/wordpress\/coursedraisienne-le-22-octobre\/\">Une centaine d\u2019enfants au d\u00e9part de la course de draisienne le 22 octobre<\/a><div class=\"wp-block-latest-posts__post-excerpt\">Il va y avoir du sport, place des halles, \u00e0 Nantes, samedi 22 octobre : une bonne centaine de petits\u2026 <a class=\"wp-block-latest-posts__read-more\" href=\"https:\/\/formation.lachouetteagence.fr\/wordpress\/coursedraisienne-le-22-octobre\/\" rel=\"noopener noreferrer\">Lire la suite<span class=\"screen-reader-text\">\u00a0: Une centaine d\u2019enfants au d\u00e9part de la course de draisienne le 22 octobre<\/span><\/a><\/div><\/li>\n<\/ul><\/div><\/div>\n","protected":false},"excerpt":{"rendered":"<p>Pr\u00e9sentation Le DKT est un \u00e9v\u00e9nement qui se veut convivial, peu importe le classement ! Les qualifications pour les diff\u00e9rents tours ne sont l\u00e0 que pour rajouter un petit peu de piment aux diff\u00e9rentes manches. Le plus important \u00e9tant que tous les enfants puissent passer un bon moment et pratiquer une activit\u00e9 sportive qui pourrait [&hellip;]<\/p>\n","protected":false},"author":1,"featured_media":0,"parent":0,"menu_order":0,"comment_status":"closed","ping_status":"closed","template":"","meta":{"footnotes":""},"class_list":["post-35","page","type-page","status-publish","hentry"],"yoast_head":"<!-- This site is optimized with the Yoast SEO plugin v19.7.1 - https:\/\/yoast.com\/wordpress\/plugins\/seo\/ -->\n<title>Bienvenue - Draisienne kits tour<\/title>\n<meta name=\"robots\" content=\"noindex, follow, max-snippet:-1, max-image-preview:large, max-video-preview:-1\" \/>\n<meta property=\"og:locale\" content=\"fr_FR\" \/>\n<meta property=\"og:type\" content=\"article\" \/>\n<meta property=\"og:title\" content=\"Bienvenue - Draisienne kits tour\" \/>\n<meta property=\"og:description\" content=\"Pr\u00e9sentation Le DKT est un \u00e9v\u00e9nement qui se veut convivial, peu importe le classement ! Les qualifications pour les diff\u00e9rents tours ne sont l\u00e0 que pour rajouter un petit peu de piment aux diff\u00e9rentes manches. Le plus important \u00e9tant que tous les enfants puissent passer un bon moment et pratiquer une activit\u00e9 sportive qui pourrait [&hellip;]\" \/>\n<meta property=\"og:url\" content=\"https:\/\/formation.lachouetteagence.fr\/wordpress\/\" \/>\n<meta property=\"og:site_name\" content=\"Draisienne kits tour\" \/>\n<meta property=\"article:modified_time\" content=\"2022-09-23T13:17:01+00:00\" \/>\n<meta property=\"og:image\" content=\"http:\/\/formation.lachouetteagence.fr\/wordpress\/wp-content\/uploads\/2022\/09\/Sans-titre-18.png\" \/>\n<meta name=\"twitter:card\" content=\"summary_large_image\" \/>\n<meta name=\"twitter:label1\" content=\"Dur\u00e9e de lecture estim\u00e9e\" \/>\n\t<meta name=\"twitter:data1\" content=\"1 minute\" \/>\n<script type=\"application\/ld+json\" class=\"yoast-schema-graph\">{\"@context\":\"https:\/\/schema.org\",\"@graph\":[{\"@type\":\"WebPage\",\"@id\":\"https:\/\/formation.lachouetteagence.fr\/wordpress\/\",\"url\":\"https:\/\/formation.lachouetteagence.fr\/wordpress\/\",\"name\":\"Bienvenue - Draisienne kits tour\",\"isPartOf\":{\"@id\":\"https:\/\/formation.lachouetteagence.fr\/wordpress\/#website\"},\"datePublished\":\"2022-09-23T11:48:21+00:00\",\"dateModified\":\"2022-09-23T13:17:01+00:00\",\"breadcrumb\":{\"@id\":\"https:\/\/formation.lachouetteagence.fr\/wordpress\/#breadcrumb\"},\"inLanguage\":\"fr-FR\",\"potentialAction\":[{\"@type\":\"ReadAction\",\"target\":[\"https:\/\/formation.lachouetteagence.fr\/wordpress\/\"]}]},{\"@type\":\"BreadcrumbList\",\"@id\":\"https:\/\/formation.lachouetteagence.fr\/wordpress\/#breadcrumb\",\"itemListElement\":[{\"@type\":\"ListItem\",\"position\":1,\"name\":\"Accueil\",\"item\":\"https:\/\/formation.lachouetteagence.fr\/wordpress\/\"},{\"@type\":\"ListItem\",\"position\":2,\"name\":\"Bienvenue\"}]},{\"@type\":\"WebSite\",\"@id\":\"https:\/\/formation.lachouetteagence.fr\/wordpress\/#website\",\"url\":\"https:\/\/formation.lachouetteagence.fr\/wordpress\/\",\"name\":\"Draisienne kits tour\",\"description\":\"Le challenge draisiennes pour les 2-5 ans !\",\"publisher\":{\"@id\":\"https:\/\/formation.lachouetteagence.fr\/wordpress\/#organization\"},\"potentialAction\":[{\"@type\":\"SearchAction\",\"target\":{\"@type\":\"EntryPoint\",\"urlTemplate\":\"https:\/\/formation.lachouetteagence.fr\/wordpress\/?s={search_term_string}\"},\"query-input\":\"required name=search_term_string\"}],\"inLanguage\":\"fr-FR\"},{\"@type\":\"Organization\",\"@id\":\"https:\/\/formation.lachouetteagence.fr\/wordpress\/#organization\",\"name\":\"Draisienne kits tour\",\"url\":\"https:\/\/formation.lachouetteagence.fr\/wordpress\/\",\"sameAs\":[],\"logo\":{\"@type\":\"ImageObject\",\"inLanguage\":\"fr-FR\",\"@id\":\"https:\/\/formation.lachouetteagence.fr\/wordpress\/#\/schema\/logo\/image\/\",\"url\":\"https:\/\/formation.lachouetteagence.fr\/wordpress\/wp-content\/uploads\/2022\/09\/cropped-draisienne-kids-tour-logo-2.png\",\"contentUrl\":\"https:\/\/formation.lachouetteagence.fr\/wordpress\/wp-content\/uploads\/2022\/09\/cropped-draisienne-kids-tour-logo-2.png\",\"width\":500,\"height\":375,\"caption\":\"Draisienne kits tour\"},\"image\":{\"@id\":\"https:\/\/formation.lachouetteagence.fr\/wordpress\/#\/schema\/logo\/image\/\"}}]}<\/script>\n<!-- \/ Yoast SEO plugin. -->","yoast_head_json":{"title":"Bienvenue - Draisienne kits tour","robots":{"index":"noindex","follow":"follow","max-snippet":"max-snippet:-1","max-image-preview":"max-image-preview:large","max-video-preview":"max-video-preview:-1"},"og_locale":"fr_FR","og_type":"article","og_title":"Bienvenue - Draisienne kits tour","og_description":"Pr\u00e9sentation Le DKT est un \u00e9v\u00e9nement qui se veut convivial, peu importe le classement ! Les qualifications pour les diff\u00e9rents tours ne sont l\u00e0 que pour rajouter un petit peu de piment aux diff\u00e9rentes manches. Le plus important \u00e9tant que tous les enfants puissent passer un bon moment et pratiquer une activit\u00e9 sportive qui pourrait [&hellip;]","og_url":"https:\/\/formation.lachouetteagence.fr\/wordpress\/","og_site_name":"Draisienne kits tour","article_modified_time":"2022-09-23T13:17:01+00:00","og_image":[{"url":"http:\/\/formation.lachouetteagence.fr\/wordpress\/wp-content\/uploads\/2022\/09\/Sans-titre-18.png"}],"twitter_card":"summary_large_image","twitter_misc":{"Dur\u00e9e de lecture estim\u00e9e":"1 minute"},"schema":{"@context":"https:\/\/schema.org","@graph":[{"@type":"WebPage","@id":"https:\/\/formation.lachouetteagence.fr\/wordpress\/","url":"https:\/\/formation.lachouetteagence.fr\/wordpress\/","name":"Bienvenue - Draisienne kits tour","isPartOf":{"@id":"https:\/\/formation.lachouetteagence.fr\/wordpress\/#website"},"datePublished":"2022-09-23T11:48:21+00:00","dateModified":"2022-09-23T13:17:01+00:00","breadcrumb":{"@id":"https:\/\/formation.lachouetteagence.fr\/wordpress\/#breadcrumb"},"inLanguage":"fr-FR","potentialAction":[{"@type":"ReadAction","target":["https:\/\/formation.lachouetteagence.fr\/wordpress\/"]}]},{"@type":"BreadcrumbList","@id":"https:\/\/formation.lachouetteagence.fr\/wordpress\/#breadcrumb","itemListElement":[{"@type":"ListItem","position":1,"name":"Accueil","item":"https:\/\/formation.lachouetteagence.fr\/wordpress\/"},{"@type":"ListItem","position":2,"name":"Bienvenue"}]},{"@type":"WebSite","@id":"https:\/\/formation.lachouetteagence.fr\/wordpress\/#website","url":"https:\/\/formation.lachouetteagence.fr\/wordpress\/","name":"Draisienne kits tour","description":"Le challenge draisiennes pour les 2-5 ans !","publisher":{"@id":"https:\/\/formation.lachouetteagence.fr\/wordpress\/#organization"},"potentialAction":[{"@type":"SearchAction","target":{"@type":"EntryPoint","urlTemplate":"https:\/\/formation.lachouetteagence.fr\/wordpress\/?s={search_term_string}"},"query-input":"required name=search_term_string"}],"inLanguage":"fr-FR"},{"@type":"Organization","@id":"https:\/\/formation.lachouetteagence.fr\/wordpress\/#organization","name":"Draisienne kits tour","url":"https:\/\/formation.lachouetteagence.fr\/wordpress\/","sameAs":[],"logo":{"@type":"ImageObject","inLanguage":"fr-FR","@id":"https:\/\/formation.lachouetteagence.fr\/wordpress\/#\/schema\/logo\/image\/","url":"https:\/\/formation.lachouetteagence.fr\/wordpress\/wp-content\/uploads\/2022\/09\/cropped-draisienne-kids-tour-logo-2.png","contentUrl":"https:\/\/formation.lachouetteagence.fr\/wordpress\/wp-content\/uploads\/2022\/09\/cropped-draisienne-kids-tour-logo-2.png","width":500,"height":375,"caption":"Draisienne kits tour"},"image":{"@id":"https:\/\/formation.lachouetteagence.fr\/wordpress\/#\/schema\/logo\/image\/"}}]}},"_links":{"self":[{"href":"https:\/\/formation.lachouetteagence.fr\/wordpress\/wp-json\/wp\/v2\/pages\/35","targetHints":{"allow":["GET"]}}],"collection":[{"href":"https:\/\/formation.lachouetteagence.fr\/wordpress\/wp-json\/wp\/v2\/pages"}],"about":[{"href":"https:\/\/formation.lachouetteagence.fr\/wordpress\/wp-json\/wp\/v2\/types\/page"}],"author":[{"embeddable":true,"href":"https:\/\/formation.lachouetteagence.fr\/wordpress\/wp-json\/wp\/v2\/users\/1"}],"replies":[{"embeddable":true,"href":"https:\/\/formation.lachouetteagence.fr\/wordpress\/wp-json\/wp\/v2\/comments?post=35"}],"version-history":[{"count":14,"href":"https:\/\/formation.lachouetteagence.fr\/wordpress\/wp-json\/wp\/v2\/pages\/35\/revisions"}],"predecessor-version":[{"id":91,"href":"https:\/\/formation.lachouetteagence.fr\/wordpress\/wp-json\/wp\/v2\/pages\/35\/revisions\/91"}],"wp:attachment":[{"href":"https:\/\/formation.lachouetteagence.fr\/wordpress\/wp-json\/wp\/v2\/media?parent=35"}],"curies":[{"name":"wp","href":"https:\/\/api.w.org\/{rel}","templated":true}]}}